{"id":847,"date":"2018-01-11T09:37:06","date_gmt":"2018-01-11T09:37:06","guid":{"rendered":"http:\/\/democontent.codex-themes.com\/sites\/handyman-service\/?page_id=847"},"modified":"2024-09-26T13:47:05","modified_gmt":"2024-09-26T17:47:05","slug":"homepage","status":"publish","type":"page","link":"https:\/\/js-maintenance.net\/","title":{"rendered":"Accueil"},"content":{"rendered":"<div class=\"wpb-content-wrapper\"><p>[vc_row full_width=&#8221;stretch_row&#8221; css=&#8221;.vc_custom_1661187688104{margin-bottom: 0px !important;border-bottom-width: 0px !important;padding-bottom: 0px !important;background-color: #125f31 !important;}&#8221;][vc_column][vc_column_text css=&#8221;.vc_custom_1661186991098{padding-bottom: 20px !important;}&#8221;]<\/p>\n<h3 style=\"text-align: center;\"><span style=\"color: #ffffff;\">J.S. MAINTENANCE, \u00c0 VOTRE SERVICE DEPUIS 1990 !<\/span><\/h3>\n<p>[\/vc_column_text][\/vc_column][\/vc_row][vc_row full_width=&#8221;stretch_row_content_no_spaces&#8221; equal_height=&#8221;yes&#8221; content_placement=&#8221;middle&#8221; css=&#8221;.vc_custom_1661187680542{margin-top: 0px !important;margin-bottom: 0px !important;border-top-width: 0px !important;border-bottom-width: 0px !important;padding-top: 0px !important;padding-bottom: 0px !important;}&#8221;][vc_column css=&#8221;.vc_custom_1661193682707{background: #f2f2ef url(http:\/\/js-maintenance.net\/wp-content\/uploads\/2022\/08\/fond-grille.jpg?id=1257) !important;background-position: center !important;background-repeat: no-repeat !important;background-size: cover !important;}&#8221; offset=&#8221;vc_col-md-6&#8243;]<div class=\"clearboth\"><\/div><style>#thegem-divider-69f14e8bde525 {margin-top: 630px !important;}<\/style><div id=\"thegem-divider-69f14e8bde525\" class=\"gem-divider  image_responsive\" style=\"\" ><\/div>[\/vc_column][vc_column css=&#8221;.vc_custom_1661189107718{padding-right: 100px !important;padding-left: 100px !important;}&#8221; offset=&#8221;vc_col-md-6&#8243; mobile_padding_left=&#8221;25&#8243; mobile_padding_right=&#8221;25&#8243;]<div class=\"clearboth\"><\/div><style>#thegem-divider-69f14e8bde571 {margin-top: 60px !important;}<\/style><div id=\"thegem-divider-69f14e8bde571\" class=\"gem-divider  \" style=\"\" ><\/div>[vc_column_text]<\/p>\n<div class=\"title-h6\"><span style=\"color: #125f31;\">NETTOYAGE, D\u00c9POUSSI\u00c9RAGE ET D\u00c9SINFECTION<\/span><\/div>\n<p>[\/vc_column_text]<div class=\"clearboth\"><\/div><style>#thegem-divider-69f14e8bde59d {margin-top: 15px !important;}<\/style><div id=\"thegem-divider-69f14e8bde59d\" class=\"gem-divider  \" style=\"\" ><\/div>[vc_column_text]<\/p>\n<div class=\"title-h1\">CONDUITS DE VENTILATION<\/div>\n<p>[\/vc_column_text]<div class=\"clearboth\"><\/div><style>#thegem-divider-69f14e8bde5c2 {margin-top: 40px !important;}<\/style><div id=\"thegem-divider-69f14e8bde5c2\" class=\"gem-divider  \" style=\"\" ><\/div>[vc_column_text]Saviez-vous qu&#8217;il est recommand\u00e9 de proc\u00e9der au nettoyage de vos conduits d&#8217;a\u00e9ration au 3 \u00e0 5 ans. Si vous avez des animaux \u00e0 la maison, il est pr\u00e9f\u00e9rable de r\u00e9duire la fr\u00e9quence.<\/p>\n<p>Que vous utilisiez un syst\u00e8me \u00e0 air pouss\u00e9 pour chauffer et climatiser votre r\u00e9sidence ou que celui-ci soit mural, il est important d&#8217;y enlever l&#8217;accumulation de poussi\u00e8re, ces syst\u00e8mes sont apr\u00e8s tout les poumons de votre r\u00e9sidence.[\/vc_column_text]<div class=\"clearboth\"><\/div><style>#thegem-divider-69f14e8bde5e5 {margin-top: 25px !important;}<\/style><div id=\"thegem-divider-69f14e8bde5e5\" class=\"gem-divider  \" style=\"\" ><\/div>[vc_column_text]Des conduits de ventilation propres r\u00e9duisent \u00e9galement les probl\u00e8mes reli\u00e9s \u00e0 l&#8217;asthme et aux allergies.[\/vc_column_text]<div class=\"clearboth\"><\/div><style>#thegem-divider-69f14e8bde609 {margin-top: 20px !important;}<\/style><div id=\"thegem-divider-69f14e8bde609\" class=\"gem-divider  \" style=\"\" ><\/div><style type=\"text\/css\">.thegem-button-69f14e8bde7d49110.lazy-loading-before-start-animation .lazy-loading-item {opacity: 0;} body.thegem-effects-disabled .thegem-button-69f14e8bde7d49110.lazy-loading-before-start-animation .lazy-loading-item {opacity: 1;}<\/style><style type=\"text\/css\">.thegem-button-69f14e8bde7d49110 .gem-button svg {fill: #125f31;}.thegem-button-69f14e8bde7d49110 .gem-button:hover svg {fill: #ffffff;}<\/style><div class=\"gem-button-container gem-button-position-inline thegem-button-69f14e8bde7d49110     lazy-loading lazy-loading-before-start-animation\"  ><a class=\"gem-button gem-button-size-small gem-button-style-outline gem-button-text-weight-normal gem-button-border-2 lazy-loading-item\" data-ll-effect=\"drop-right-without-wrap\" style=\"border-radius: 0px;border-color: #125f31;color: #125f31;\" onmouseleave=\"this.style.borderColor='#125f31';this.style.backgroundColor='transparent';this.style.color='#125f31';\" onmouseenter=\"this.style.backgroundColor='#125f31';this.style.color='#ffffff';\" href=\"#soumission\" target=\"_self\">Demandez une soumission<\/a><\/div> <div class=\"clearboth\"><\/div><style>#thegem-divider-69f14e8bde854 {margin-top: 50px !important;}<\/style><div id=\"thegem-divider-69f14e8bde854\" class=\"gem-divider  \" style=\"\" ><\/div>[\/vc_column][\/vc_row][vc_row full_width=&#8221;stretch_row_content&#8221; equal_height=&#8221;yes&#8221; el_id=&#8221;services&#8221; css=&#8221;.vc_custom_1665670348498{margin-bottom: 0px !important;padding-right: 20px !important;padding-left: 20px !important;border-radius: 1px !important;}&#8221;][vc_column width=&#8221;1\/4&#8243; css=&#8221;.vc_custom_1665670043133{border-top-width: 1px !important;border-right-width: 1px !important;border-bottom-width: 1px !important;border-left-width: 1px !important;padding-right: 20px !important;padding-left: 20px !important;border-left-color: #eaeaea !important;border-left-style: solid !important;border-right-color: #eaeaea !important;border-right-style: solid !important;border-top-color: #eaeaea !important;border-top-style: solid !important;border-bottom-color: #eaeaea !important;border-bottom-style: solid !important;}&#8221;]<div class=\"clearboth\"><\/div><style>#thegem-divider-69f14e8bde88c {margin-top: 40px !important;}<\/style><div id=\"thegem-divider-69f14e8bde88c\" class=\"gem-divider  \" style=\"\" ><\/div>[vc_single_image image=&#8221;1291&#8243; img_size=&#8221;50&#215;50&#8243; alignment=&#8221;center&#8221;][vc_column_text]<\/p>\n<div class=\"title-h6\">CONDUITS DE<br \/>\nVENTILATION<\/div>\n<p>[\/vc_column_text][vc_column_text css=&#8221;.vc_custom_1664461223118{padding-top: 10px !important;}&#8221;]Faites nettoyer, d\u00e9poussi\u00e9rer et d\u00e9sinfecter les conduits de ventilation de votre demeure[\/vc_column_text]<div class=\"clearboth\"><\/div><style>#thegem-divider-69f14e8bde8b2 {margin-top: 60px !important;}<\/style><div id=\"thegem-divider-69f14e8bde8b2\" class=\"gem-divider  \" style=\"\" ><\/div>[\/vc_column][vc_column width=&#8221;1\/4&#8243; css=&#8221;.vc_custom_1665670066598{border-top-width: 1px !important;border-right-width: 1px !important;border-bottom-width: 1px !important;border-left-width: 1px !important;padding-right: 20px !important;padding-left: 20px !important;border-left-color: #eaeaea !important;border-left-style: solid !important;border-right-color: #eaeaea !important;border-right-style: solid !important;border-top-color: #eaeaea !important;border-top-style: solid !important;border-bottom-color: #eaeaea !important;border-bottom-style: solid !important;}&#8221;]<div class=\"clearboth\"><\/div><style>#thegem-divider-69f14e8bde8d4 {margin-top: 40px !important;}<\/style><div id=\"thegem-divider-69f14e8bde8d4\" class=\"gem-divider  \" style=\"\" ><\/div>[vc_single_image image=&#8221;1249&#8243; img_size=&#8221;50&#215;50&#8243; alignment=&#8221;center&#8221;][vc_column_text]<\/p>\n<div class=\"title-h6\"><span style=\"color: #2c2c2c;\">NETTOYAGE<br \/>\nHAUTE-PRESSION<\/span><\/div>\n<p>[\/vc_column_text][vc_column_text css=&#8221;.vc_custom_1664461256350{padding-top: 10px !important;}&#8221;]Faites nettoyer votre ext\u00e9rieure de maison, pav\u00e9-uni ou votre tour de piscine et tous autres travaux[\/vc_column_text]<div class=\"clearboth\"><\/div><style>#thegem-divider-69f14e8bde8f4 {margin-top: 60px !important;}<\/style><div id=\"thegem-divider-69f14e8bde8f4\" class=\"gem-divider  \" style=\"\" ><\/div>[\/vc_column][vc_column width=&#8221;1\/4&#8243; css=&#8221;.vc_custom_1665670075110{border-top-width: 1px !important;border-right-width: 1px !important;border-bottom-width: 1px !important;border-left-width: 1px !important;padding-right: 20px !important;padding-left: 20px !important;border-left-color: #eaeaea !important;border-left-style: solid !important;border-right-color: #eaeaea !important;border-right-style: solid !important;border-top-color: #eaeaea !important;border-top-style: solid !important;border-bottom-color: #eaeaea !important;border-bottom-style: solid !important;}&#8221;]<div class=\"clearboth\"><\/div><style>#thegem-divider-69f14e8bde910 {margin-top: 40px !important;}<\/style><div id=\"thegem-divider-69f14e8bde910\" class=\"gem-divider  \" style=\"\" ><\/div>[vc_single_image image=&#8221;1247&#8243; img_size=&#8221;50&#215;50&#8243; alignment=&#8221;center&#8221;][vc_column_text]<\/p>\n<div class=\"title-h6\"><span style=\"color: #2c2c2c;\">NETTOYAGE<br \/>\nDE TAPIS<\/span><\/div>\n<p>[\/vc_column_text][vc_column_text css=&#8221;.vc_custom_1664461490489{padding-top: 10px !important;}&#8221;]\u00c9liminez les taches, les odeurs et r\u00e9duisez les allergies dans votre maison ou entreprise[\/vc_column_text]<div class=\"clearboth\"><\/div><style>#thegem-divider-69f14e8bde934 {margin-top: 60px !important;}<\/style><div id=\"thegem-divider-69f14e8bde934\" class=\"gem-divider  \" style=\"\" ><\/div>[\/vc_column][vc_column width=&#8221;1\/4&#8243; css=&#8221;.vc_custom_1665670141212{border-top-width: 1px !important;border-right-width: 1px !important;border-bottom-width: 1px !important;border-left-width: 1px !important;padding-right: 20px !important;padding-left: 20px !important;border-left-color: #eaeaea !important;border-left-style: solid !important;border-right-color: #eaeaea !important;border-right-style: solid !important;border-top-color: #eaeaea !important;border-top-style: solid !important;border-bottom-color: #eaeaea !important;border-bottom-style: solid !important;}&#8221;]<div class=\"clearboth\"><\/div><style>#thegem-divider-69f14e8bde94d {margin-top: 40px !important;}<\/style><div id=\"thegem-divider-69f14e8bde94d\" class=\"gem-divider  \" style=\"\" ><\/div>[vc_single_image image=&#8221;1251&#8243; img_size=&#8221;50&#215;50&#8243; alignment=&#8221;center&#8221;][vc_column_text]<\/p>\n<div class=\"title-h6\"><span style=\"color: #2c2c2c;\">SERVICE DE<br \/>\nCONCIERGERIE<\/span><\/div>\n<p>[\/vc_column_text][vc_column_text css=&#8221;.vc_custom_1664461535701{padding-top: 10px !important;}&#8221;]Maintenez un milieu de travail plus agr\u00e9able, sain et productif[\/vc_column_text]<div class=\"clearboth\"><\/div><style>#thegem-divider-69f14e8bde964 {margin-top: 60px !important;}<\/style><div id=\"thegem-divider-69f14e8bde964\" class=\"gem-divider  \" style=\"\" ><\/div>[\/vc_column][vc_column width=&#8221;1\/4&#8243; css=&#8221;.vc_custom_1665670207737{border-top-width: 1px !important;border-right-width: 1px !important;border-bottom-width: 1px !important;border-left-width: 1px !important;padding-right: 20px !important;padding-left: 20px !important;border-left-color: #eaeaea !important;border-left-style: solid !important;border-right-color: #eaeaea !important;border-right-style: solid !important;border-top-color: #eaeaea !important;border-top-style: solid !important;border-bottom-color: #eaeaea !important;border-bottom-style: solid !important;}&#8221;]<div class=\"clearboth\"><\/div><style>#thegem-divider-69f14e8bde979 {margin-top: 40px !important;}<\/style><div id=\"thegem-divider-69f14e8bde979\" class=\"gem-divider  \" style=\"\" ><\/div>[vc_single_image image=&#8221;1248&#8243; img_size=&#8221;50&#215;50&#8243; alignment=&#8221;center&#8221;][vc_column_text]<\/p>\n<div class=\"title-h6\"><span style=\"color: #2c2c2c;\">LAVAGE<br \/>\nDE VITRES<\/span><\/div>\n<p>[\/vc_column_text][vc_column_text css=&#8221;.vc_custom_1664461567379{padding-top: 10px !important;}&#8221;]Faites laver de vitres int\u00e9rieures et ext\u00e9rieures de votre demeure ou immeuble[\/vc_column_text]<div class=\"clearboth\"><\/div><style>#thegem-divider-69f14e8bde98e {margin-top: 60px !important;}<\/style><div id=\"thegem-divider-69f14e8bde98e\" class=\"gem-divider  \" style=\"\" ><\/div>[\/vc_column][vc_column width=&#8221;1\/4&#8243; css=&#8221;.vc_custom_1665670213553{border-top-width: 1px !important;border-right-width: 1px !important;border-bottom-width: 1px !important;border-left-width: 1px !important;padding-right: 20px !important;padding-left: 20px !important;border-left-color: #eaeaea !important;border-left-style: solid !important;border-right-color: #eaeaea !important;border-right-style: solid !important;border-top-color: #eaeaea !important;border-top-style: solid !important;border-bottom-color: #eaeaea !important;border-bottom-style: solid !important;}&#8221;]<div class=\"clearboth\"><\/div><style>#thegem-divider-69f14e8bde9a2 {margin-top: 40px !important;}<\/style><div id=\"thegem-divider-69f14e8bde9a2\" class=\"gem-divider  \" style=\"\" ><\/div>[vc_single_image image=&#8221;1250&#8243; img_size=&#8221;50&#215;50&#8243; alignment=&#8221;center&#8221;][vc_column_text]<\/p>\n<div class=\"title-h6\"><span style=\"color: #2c2c2c;\">PRODUITS<br \/>\nSANITAIRES<\/span><\/div>\n<p>[\/vc_column_text][vc_column_text css=&#8221;.vc_custom_1679782894970{padding-top: 10px !important;}&#8221;]Passez nous voir en boutique pour des produits d&#8217;entretien efficaces[\/vc_column_text]<div class=\"clearboth\"><\/div><style>#thegem-divider-69f14e8bde9ba {margin-top: 60px !important;}<\/style><div id=\"thegem-divider-69f14e8bde9ba\" class=\"gem-divider  \" style=\"\" ><\/div>[\/vc_column][vc_column width=&#8221;1\/4&#8243; css=&#8221;.vc_custom_1665670192334{border-top-width: 1px !important;border-right-width: 1px !important;border-bottom-width: 1px !important;border-left-width: 1px !important;padding-right: 20px !important;padding-left: 20px !important;border-left-color: #eaeaea !important;border-left-style: solid !important;border-right-color: #eaeaea !important;border-right-style: solid !important;border-top-color: #eaeaea !important;border-top-style: solid !important;border-bottom-color: #eaeaea !important;border-bottom-style: solid !important;}&#8221;]<div class=\"clearboth\"><\/div><style>#thegem-divider-69f14e8bde9cc {margin-top: 40px !important;}<\/style><div id=\"thegem-divider-69f14e8bde9cc\" class=\"gem-divider  \" style=\"\" ><\/div>[vc_single_image image=&#8221;1246&#8243; img_size=&#8221;50&#215;50&#8243; alignment=&#8221;center&#8221;][vc_column_text]<\/p>\n<div class=\"title-h6\"><span style=\"color: #2c2c2c;\">SERVICE DE<br \/>\nD\u00c9NEIGEMENT<\/span><\/div>\n<p>[\/vc_column_text][vc_column_text css=&#8221;.vc_custom_1664461652439{padding-top: 10px !important;}&#8221;]R\u00e9servez votre place d\u00e8s maintenant pour faire d\u00e9neiger votre entr\u00e9e \u00e0 Hudson et Vaudreuil[\/vc_column_text]<div class=\"clearboth\"><\/div><style>#thegem-divider-69f14e8bde9dd {margin-top: 60px !important;}<\/style><div id=\"thegem-divider-69f14e8bde9dd\" class=\"gem-divider  \" style=\"\" ><\/div>[\/vc_column][vc_column width=&#8221;1\/4&#8243; css=&#8221;.vc_custom_1665670200471{border-top-width: 1px !important;border-right-width: 1px !important;border-bottom-width: 1px !important;border-left-width: 1px !important;padding-right: 20px !important;padding-left: 20px !important;border-left-color: #eaeaea !important;border-left-style: solid !important;border-right-color: #eaeaea !important;border-right-style: solid !important;border-top-color: #eaeaea !important;border-top-style: solid !important;border-bottom-color: #eaeaea !important;border-bottom-style: solid !important;}&#8221; mobile_margin_right=&#8221;1&#8243;]<div class=\"clearboth\"><\/div><style>#thegem-divider-69f14e8bde9ec {margin-top: 40px !important;}<\/style><div id=\"thegem-divider-69f14e8bde9ec\" class=\"gem-divider  \" style=\"\" ><\/div>[vc_single_image image=&#8221;1292&#8243; img_size=&#8221;full&#8221;]<div class=\"clearboth\"><\/div><style>#thegem-divider-69f14e8bde9fc {margin-top: 60px !important;}<\/style><div id=\"thegem-divider-69f14e8bde9fc\" class=\"gem-divider  \" style=\"\" ><\/div>[\/vc_column][\/vc_row][vc_row full_width=&#8221;stretch_row&#8221; css=&#8221;.vc_custom_1665670253889{margin-top: 0px !important;margin-bottom: 0px !important;background-image: url(http:\/\/js-maintenance.net\/wp-content\/uploads\/2022\/08\/fond-poussiere2.jpg?id=1258) !important;background-position: center !important;background-repeat: no-repeat !important;background-size: cover !important;}&#8221;][vc_column]<div class=\"clearboth\"><\/div><style>#thegem-divider-69f14e8bdea0b {margin-top: 90px !important;}<\/style><div id=\"thegem-divider-69f14e8bdea0b\" class=\"gem-divider  \" style=\"\" ><\/div>[vc_column_text]<\/p>\n<div class=\"title-h3\" style=\"text-align: center;\"><span style=\"color: #ffffff;\">AM\u00c9LIOREZ LA QUALIT\u00c9 DE VOTRE AIR<\/span><\/div>\n<p>[\/vc_column_text]<div class=\"clearboth\"><\/div><style>#thegem-divider-69f14e8bdea19 {margin-top: 35px !important;}<\/style><div id=\"thegem-divider-69f14e8bdea19\" class=\"gem-divider  \" style=\"\" ><\/div>[vc_column_text css_animation=&#8221;top-to-bottom&#8221;]<\/p>\n<div class=\"title-h1 title-xlarge\" style=\"display: inline-block; margin: 0px; vertical-align: middle; letter-spacing: 6px; text-align: center;\"><span style=\"color: #ffffff;\"><a style=\"color: #ffffff;\" href=\"#soumission\">DEMANDEZ UNE SOUMISSION<\/a><\/span><\/div>\n<p>[\/vc_column_text]<div class=\"clearboth\"><\/div><style>#thegem-divider-69f14e8bdea2d {margin-top: 140px !important;}<\/style><div id=\"thegem-divider-69f14e8bdea2d\" class=\"gem-divider  \" style=\"\" ><\/div>[\/vc_column][\/vc_row][vc_row full_width=&#8221;stretch_row&#8221; css=&#8221;.vc_custom_1661196107521{margin-bottom: 0px !important;background-color: #f2f2ef !important;background-position: center !important;background-repeat: no-repeat !important;background-size: cover !important;}&#8221;][vc_column width=&#8221;1\/6&#8243;][\/vc_column][vc_column width=&#8221;2\/3&#8243;]<div class=\"clearboth\"><\/div><style>#thegem-divider-69f14e8bdea3a {margin-top: 36px !important;}<\/style><div id=\"thegem-divider-69f14e8bdea3a\" class=\"gem-divider  \" style=\"\" ><\/div>[vc_column_text]<\/p>\n<div class=\"title-h1\" style=\"text-align: center;\">DES CLIENTS SATISFAITS<\/div>\n<p>[\/vc_column_text]<div class=\"clearboth\"><\/div><style>#thegem-divider-69f14e8bdea46 {margin-top: 36px !important;}<\/style><div id=\"thegem-divider-69f14e8bdea46\" class=\"gem-divider  \" style=\"\" ><\/div><div class=\"preloader\"><div class=\"preloader-spin\"><\/div><\/div><div class=\"size-small style1 gem-testimonials\" data-autoscroll=\"3000\" style=background-color:> <div id=\"post-788\" class=\"gem-testimonial-item post-788 thegem_testimonial type-thegem_testimonial status-publish\"> <div class=\"gem-testimonial-wrapper quote-color-added \"> <div class=\"gem-testimonial-image\"> <\/div> <div class=\"gem-testimonial-content\"> <div class=\"gem-testimonial-name\" >Karine Guay<\/div> <div class=\"gem-testimonial-text\" > <p>Un service professionnel et minutieux. Ils ont nettoy\u00e9 nos conduits pour l&#8217;\u00e9changeur d&#8217;air et la s\u00e9cheuse ainsi que nettoy\u00e9 notre thermopompe . Un vrai travail de pro!!! Je les reccomande sans H\u00c9SITER \ud83d\ude09<\/p> <\/div> <\/div> <span style=\"color: #125f31 \" class=\"custom-color-blockqute-mark\">&#xe60c;<\/span> <\/div> <\/div> <div id=\"post-1268\" class=\"gem-testimonial-item post-1268 thegem_testimonial type-thegem_testimonial status-publish\"> <div class=\"gem-testimonial-wrapper quote-color-added \"> <div class=\"gem-testimonial-image\"> <\/div> <div class=\"gem-testimonial-content\"> <div class=\"gem-testimonial-name\" >Lynn Murray<\/div> <div class=\"gem-testimonial-text\" > <p>Excellent service. Cleaned my windows in and out. Great job, would use them again.<\/p> <\/div> <\/div> <span style=\"color: #125f31 \" class=\"custom-color-blockqute-mark\">&#xe60c;<\/span> <\/div> <\/div> <div id=\"post-789\" class=\"gem-testimonial-item post-789 thegem_testimonial type-thegem_testimonial status-publish\"> <div class=\"gem-testimonial-wrapper quote-color-added \"> <div class=\"gem-testimonial-image\"> <\/div> <div class=\"gem-testimonial-content\"> <div class=\"gem-testimonial-name\" >Yannick Mailhot<\/div> <div class=\"gem-testimonial-text\" > <p>Je vous recommande cette compagnie hors du commun&#8230; politesse, efficacit\u00e9, travaillant, dynamique.. ils sont venus nettoyer mon air climatis\u00e9 ( il est devenu comme neuf) et aussi ils ont nettoy\u00e9 mes conduits de ventilation et mon conduit de s\u00e9cheuse. Wow mes machines n&#8217;ont jamais aussi bien fonctionn\u00e9 depuis . Merci beaucoup j.s. maintenance<\/p> <\/div> <\/div> <span style=\"color: #125f31 \" class=\"custom-color-blockqute-mark\">&#xe60c;<\/span> <\/div> <\/div> <div class=\"testimonials_svg\"><svg style=\"fill: \" width=\"100\" height=\"50\"><path d=\"M 0,-1 Q 45,5 50,50 Q 55,5 100,-1\" \/><\/svg><\/div><\/div><div class=\"clearboth\"><\/div><style>#thegem-divider-69f14e8be096f {margin-top: 36px !important;}<\/style><div id=\"thegem-divider-69f14e8be096f\" class=\"gem-divider  \" style=\"\" ><\/div>[\/vc_column][vc_column width=&#8221;1\/6&#8243;][\/vc_column][\/vc_row]<\/p>\n<\/div>","protected":false},"excerpt":{"rendered":"<p>[vc_row full_width=&#8221;stretch_row&#8221; css=&#8221;.vc_custom_1661187688104{margin-bottom: 0px !important;border-bottom-width: 0px !important;padding-bottom: 0px !important;background-color: #125f31 !important;}&#8221;][vc_column][vc_column_text css=&#8221;.vc_custom_1661186991098{padding-bottom: 20px !important;}&#8221;] J.S. MAINTENANCE, \u00c0 VOTRE SERVICE DEPUIS&#8230;<\/p>\n","protected":false},"author":2,"featured_media":0,"parent":0,"menu_order":0,"comment_status":"closed","ping_status":"closed","template":"","meta":{"footnotes":""},"class_list":["post-847","page","type-page","status-publish"],"_links":{"self":[{"href":"https:\/\/js-maintenance.net\/index.php?rest_route=\/wp\/v2\/pages\/847"}],"collection":[{"href":"https:\/\/js-maintenance.net\/index.php?rest_route=\/wp\/v2\/pages"}],"about":[{"href":"https:\/\/js-maintenance.net\/index.php?rest_route=\/wp\/v2\/types\/page"}],"author":[{"embeddable":true,"href":"https:\/\/js-maintenance.net\/index.php?rest_route=\/wp\/v2\/users\/2"}],"replies":[{"embeddable":true,"href":"https:\/\/js-maintenance.net\/index.php?rest_route=%2Fwp%2Fv2%2Fcomments&post=847"}],"version-history":[{"count":26,"href":"https:\/\/js-maintenance.net\/index.php?rest_route=\/wp\/v2\/pages\/847\/revisions"}],"predecessor-version":[{"id":3600,"href":"https:\/\/js-maintenance.net\/index.php?rest_route=\/wp\/v2\/pages\/847\/revisions\/3600"}],"wp:attachment":[{"href":"https:\/\/js-maintenance.net\/index.php?rest_route=%2Fwp%2Fv2%2Fmedia&parent=847"}],"curies":[{"name":"wp","href":"https:\/\/api.w.org\/{rel}","templated":true}]}}